{"id":26019155,"date":"2024-08-20T10:21:55","date_gmt":"2024-08-20T08:21:55","guid":{"rendered":"https:\/\/fundacionernestoventos.org\/podcast\/"},"modified":"2024-09-02T06:26:10","modified_gmt":"2024-09-02T04:26:10","slug":"podcast","status":"publish","type":"page","link":"https:\/\/fundacionernestoventos.org\/ca\/podcast\/","title":{"rendered":"Podcast"},"content":{"rendered":"<p>[et_pb_section fb_built=&#8221;1&#8243; _builder_version=&#8221;4.27.0&#8243; _module_preset=&#8221;default&#8221; background_color=&#8221;#ededed&#8221; background_image=&#8221;https:\/\/fundacionernestoventos.org\/wp-content\/uploads\/2024\/08\/Podcasts.webp&#8221; height=&#8221;75vh&#8221; locked=&#8221;off&#8221; collapsed=&#8221;on&#8221; global_colors_info=&#8221;{}&#8221;][et_pb_row use_custom_gutter=&#8221;on&#8221; gutter_width=&#8221;1&#8243; make_equal=&#8221;on&#8221; _builder_version=&#8221;4.24.0&#8243; _module_preset=&#8221;default&#8221; max_width=&#8221;100%&#8221; animation_style=&#8221;fade&#8221; collapsed=&#8221;on&#8221; global_colors_info=&#8221;{}&#8221;][et_pb_column type=&#8221;4_4&#8243; _builder_version=&#8221;4.24.0&#8243; _module_preset=&#8221;default&#8221; global_colors_info=&#8221;{}&#8221;][et_pb_image src=&#8221;https:\/\/fundacionernestoventos.org\/wp-content\/uploads\/2023\/07\/LogoFEVBlanc.webp&#8221; title_text=&#8221;LogoFEVBlanc&#8221; align=&#8221;right&#8221; _builder_version=&#8221;4.24.0&#8243; _module_preset=&#8221;default&#8221; max_width=&#8221;10vw&#8221; global_colors_info=&#8221;{}&#8221;][\/et_pb_image][\/et_pb_column][\/et_pb_row][et_pb_row use_custom_gutter=&#8221;on&#8221; _builder_version=&#8221;4.24.2&#8243; _module_preset=&#8221;default&#8221; positioning=&#8221;absolute&#8221; position_origin_a=&#8221;bottom_center&#8221; vertical_offset=&#8221;-100px&#8221; width=&#8221;90%&#8221; custom_margin=&#8221;|10vw|15vh||false|false&#8221; collapsed=&#8221;on&#8221; global_colors_info=&#8221;{}&#8221;][et_pb_column type=&#8221;4_4&#8243; _builder_version=&#8221;4.22.1&#8243; _module_preset=&#8221;default&#8221; global_colors_info=&#8221;{}&#8221;][et_pb_text _builder_version=&#8221;4.27.0&#8243; _module_preset=&#8221;default&#8221; text_font=&#8221;TiemposBold||||||||&#8221; text_text_color=&#8221;#FFFFFF&#8221; text_font_size=&#8221;7em&#8221; custom_padding=&#8221;||15vh||false|false&#8221; text_font_size_tablet=&#8221;7em&#8221; text_font_size_phone=&#8221;4em&#8221; text_font_size_last_edited=&#8221;on|tablet&#8221; global_colors_info=&#8221;{}&#8221;]<\/p>\n<p>Podcast<\/p>\n<p>[\/et_pb_text][\/et_pb_column][\/et_pb_row][\/et_pb_section][et_pb_section fb_built=&#8221;1&#8243; next_background_color=&#8221;#ededed&#8221; admin_label=&#8221;MenuPrincipalBlau&#8221; _builder_version=&#8221;4.27.0&#8243; _module_preset=&#8221;default&#8221; background_color=&#8221;#0011d6&#8243; positioning=&#8221;none&#8221; position_origin_a=&#8221;bottom_center&#8221; width=&#8221;100%&#8221; module_alignment=&#8221;center&#8221; min_height=&#8221;30vh&#8221; custom_margin=&#8221;||||false|false&#8221; custom_padding=&#8221;2vh||10vh||false|false&#8221; bottom_divider_style=&#8221;slant&#8221; bottom_divider_flip=&#8221;horizontal|vertical&#8221; locked=&#8221;off&#8221; collapsed=&#8221;off&#8221; global_colors_info=&#8221;{}&#8221;][et_pb_row use_custom_gutter=&#8221;on&#8221; gutter_width=&#8221;2&#8243; _builder_version=&#8221;4.27.0&#8243; _module_preset=&#8221;default&#8221; width=&#8221;90%&#8221; max_width=&#8221;1366px&#8221; custom_margin=&#8221;0px||1vh||false|false&#8221; custom_padding=&#8221;0px||0px||false|false&#8221; global_colors_info=&#8221;{}&#8221;][et_pb_column type=&#8221;4_4&#8243; _builder_version=&#8221;4.27.0&#8243; _module_preset=&#8221;default&#8221; global_colors_info=&#8221;{}&#8221;][et_pb_text _builder_version=&#8221;4.27.0&#8243; _module_preset=&#8221;default&#8221; text_font=&#8221;Montserrat|700|||||||&#8221; text_text_color=&#8221;#FFFFFF&#8221; text_font_size=&#8221;1em&#8221; link_font=&#8221;Montserrat|700|||||||&#8221; link_text_color=&#8221;#ffffff&#8221; border_width_bottom=&#8221;1px&#8221; border_color_bottom=&#8221;#FFFFFF&#8221; global_colors_info=&#8221;{}&#8221; text_text_color__hover_enabled=&#8221;on|hover&#8221; text_text_color__hover=&#8221;#c1c1c1&#8243;]<\/p>\n<p style=\"text-align: right;\"><a href=\"https:\/\/fundacionernestoventos.org\">ESP<\/a> | <a href=\"https:\/\/fundacionernestoventos.org\/ca\">CAT<\/a> | <a href=\"https:\/\/fundacionernestoventos.org\/en\">ENG<\/a><\/p>\n<p>[\/et_pb_text][\/et_pb_column][\/et_pb_row][et_pb_row column_structure=&#8221;1_6,1_6,1_6,1_6,1_6,1_6&#8243; use_custom_gutter=&#8221;on&#8221; gutter_width=&#8221;1&#8243; make_equal=&#8221;on&#8221; _builder_version=&#8221;4.27.0&#8243; _module_preset=&#8221;default&#8221; width=&#8221;90%&#8221; max_width=&#8221;100%&#8221; module_alignment=&#8221;center&#8221; custom_margin=&#8221;0px||||false|false&#8221; custom_padding=&#8221;0px||||false|false&#8221; collapsed=&#8221;off&#8221; global_colors_info=&#8221;{}&#8221;][et_pb_column type=&#8221;1_6&#8243; admin_label=&#8221;Origen&#8221; _builder_version=&#8221;4.22.0&#8243; _module_preset=&#8221;default&#8221; custom_css_main_element=&#8221;width:9% !important;&#8221; global_colors_info=&#8221;{}&#8221; custom_css_main_element_last_edited=&#8221;on|tablet&#8221; custom_css_main_element_tablet=&#8221;width:100% !important;&#8221; custom_css_main_element_phone=&#8221;width:100% !important;&#8221;][et_pb_text admin_label=&#8221;Origen&#8221; _builder_version=&#8221;4.27.0&#8243; _module_preset=&#8221;default&#8221; text_font=&#8221;Tiempos-Light||||||||&#8221; text_text_color=&#8221;#FFFFFF&#8221; text_font_size=&#8221;1.5em&#8221; link_option_url=&#8221;https:\/\/fundacionernestoventos.org\/ca\/inicial\/nuestra-historia\/&#8221; text_font_tablet=&#8221;TiemposBold||||||||&#8221; text_font_phone=&#8221;TiemposBold||||||||&#8221; text_font_last_edited=&#8221;on|tablet&#8221; global_colors_info=&#8221;{}&#8221; filter_opacity__hover_enabled=&#8221;on|hover&#8221; filter_opacity__hover=&#8221;40%&#8221;]<\/p>\n<p>Inici<\/p>\n<p>[\/et_pb_text][\/et_pb_column][et_pb_column type=&#8221;1_6&#8243; admin_label=&#8221;Ernesto Vent\u00f3s Omedes&#8221; _builder_version=&#8221;4.27.0&#8243; _module_preset=&#8221;default&#8221; custom_css_main_element=&#8221;width:20% !important;&#8221; global_colors_info=&#8221;{}&#8221; custom_css_main_element_last_edited=&#8221;on|tablet&#8221; custom_css_main_element_tablet=&#8221;width:100% !important;&#8221; custom_css_main_element_phone=&#8221;width:100% !important;&#8221;][et_pb_text admin_label=&#8221;Ernesto Vent\u00f3s Omedes&#8221; _builder_version=&#8221;4.27.0&#8243; _module_preset=&#8221;default&#8221; text_font=&#8221;Tiempos-Light||||||||&#8221; text_text_color=&#8221;#FFFFFF&#8221; text_font_size=&#8221;1.5em&#8221; link_option_url=&#8221;https:\/\/fundacionernestoventos.org\/ca\/inicial\/nuestra-historia\/&#8221; text_font_tablet=&#8221;TiemposBold||||||||&#8221; text_font_phone=&#8221;TiemposBold||||||||&#8221; text_font_last_edited=&#8221;on|tablet&#8221; global_colors_info=&#8221;{}&#8221; filter_opacity__hover_enabled=&#8221;on|hover&#8221; filter_opacity__hover=&#8221;40%&#8221;]<\/p>\n<p>Ernesto Vent\u00f3s Omedes<\/p>\n<p>[\/et_pb_text][et_pb_text admin_label=&#8221;Perfumista&#8221; _builder_version=&#8221;4.27.0&#8243; _module_preset=&#8221;default&#8221; text_font=&#8221;Tiempos-Light||||||||&#8221; text_text_color=&#8221;#FFFFFF&#8221; text_font_size=&#8221;1.2em&#8221; custom_margin=&#8221;|||2vw|false|false&#8221; link_option_url=&#8221;https:\/\/fundacionernestoventos.org\/ca\/inicial\/nuestra-historia\/#perfumista&#8221; global_colors_info=&#8221;{}&#8221;]<\/p>\n<p>Perfumista<\/p>\n<p>[\/et_pb_text][et_pb_text admin_label=&#8221;Coleccionista&#8221; _builder_version=&#8221;4.27.0&#8243; _module_preset=&#8221;default&#8221; text_font=&#8221;Tiempos-Light||||||||&#8221; text_text_color=&#8221;#FFFFFF&#8221; text_font_size=&#8221;1.2em&#8221; custom_margin=&#8221;|||2vw|false|false&#8221; link_option_url=&#8221;https:\/\/fundacionernestoventos.org\/ca\/inicial\/nuestra-historia\/#coleccionista&#8221; global_colors_info=&#8221;{}&#8221;]<\/p>\n<p>Col\u00b7leccionista<\/p>\n<p>[\/et_pb_text][et_pb_text admin_label=&#8221;Artista&#8221; _builder_version=&#8221;4.27.0&#8243; _module_preset=&#8221;default&#8221; text_font=&#8221;Tiempos-Light||||||||&#8221; text_text_color=&#8221;#FFFFFF&#8221; text_font_size=&#8221;1.2em&#8221; custom_margin=&#8221;|||2vw|false|false&#8221; link_option_url=&#8221;https:\/\/fundacionernestoventos.org\/ca\/inicial\/nuestra-historia\/#artista&#8221; global_colors_info=&#8221;{}&#8221;]<\/p>\n<p>Artista<\/p>\n<p>[\/et_pb_text][\/et_pb_column][et_pb_column type=&#8221;1_6&#8243; admin_label=&#8221;Fundaci\u00f3n&#8221; _builder_version=&#8221;4.27.0&#8243; _module_preset=&#8221;default&#8221; custom_css_main_element=&#8221;width:20% !important;&#8221; global_colors_info=&#8221;{}&#8221; custom_css_main_element_last_edited=&#8221;on|tablet&#8221; custom_css_main_element_tablet=&#8221;width:100% !important;&#8221; custom_css_main_element_phone=&#8221;width:100% !important;&#8221;][et_pb_text admin_label=&#8221;Fundaci\u00f3n&#8221; _builder_version=&#8221;4.27.0&#8243; _module_preset=&#8221;default&#8221; text_font=&#8221;Tiempos-Light||||||||&#8221; text_text_color=&#8221;#FFFFFF&#8221; text_font_size=&#8221;1.5em&#8221; link_option_url=&#8221;https:\/\/fundacionernestoventos.org\/ca\/inicial\/la-fundacion\/&#8221; text_font_tablet=&#8221;TiemposBold||||||||&#8221; text_font_phone=&#8221;TiemposBold||||||||&#8221; text_font_last_edited=&#8221;on|tablet&#8221; global_colors_info=&#8221;{}&#8221; filter_opacity__hover_enabled=&#8221;on|hover&#8221; filter_opacity__hover=&#8221;40%&#8221;]<\/p>\n<p>La Fundaci\u00f3<\/p>\n<p>[\/et_pb_text][et_pb_text admin_label=&#8221;Valores&#8221; _builder_version=&#8221;4.27.0&#8243; _module_preset=&#8221;default&#8221; text_font=&#8221;Tiempos-Light||||||||&#8221; text_text_color=&#8221;#FFFFFF&#8221; text_font_size=&#8221;1.2em&#8221; custom_margin=&#8221;|||2vw|false|false&#8221; link_option_url=&#8221;https:\/\/fundacionernestoventos.org\/ca\/inicial\/la-fundacion\/#valores&#8221; global_colors_info=&#8221;{}&#8221; filter_opacity__hover_enabled=&#8221;on|hover&#8221; filter_opacity__hover=&#8221;40%&#8221;]<\/p>\n<p>Valors<\/p>\n<p>[\/et_pb_text][et_pb_text admin_label=&#8221;Visi\u00f3n &#038; Misi\u00f3n&#8221; _builder_version=&#8221;4.27.0&#8243; _module_preset=&#8221;default&#8221; text_font=&#8221;Tiempos-Light||||||||&#8221; text_text_color=&#8221;#FFFFFF&#8221; text_font_size=&#8221;1.2em&#8221; custom_margin=&#8221;|||2vw|false|false&#8221; link_option_url=&#8221;https:\/\/fundacionernestoventos.org\/ca\/inicial\/la-fundacion\/#mision&#8221; global_colors_info=&#8221;{}&#8221; filter_opacity__hover_enabled=&#8221;on|hover&#8221; filter_opacity__hover=&#8221;40%&#8221;]<\/p>\n<p>Visi\u00f3 &amp; Missi\u00f3<\/p>\n<p>[\/et_pb_text][et_pb_text admin_label=&#8221;Estructura organizativa&#8221; _builder_version=&#8221;4.27.0&#8243; _module_preset=&#8221;default&#8221; text_font=&#8221;Tiempos-Light||||||||&#8221; text_text_color=&#8221;#FFFFFF&#8221; text_font_size=&#8221;1.2em&#8221; custom_margin=&#8221;|||2vw|false|false&#8221; link_option_url=&#8221;https:\/\/fundacionernestoventos.org\/ca\/inicial\/la-fundacion\/#estructura&#8221; global_colors_info=&#8221;{}&#8221; filter_opacity__hover_enabled=&#8221;on|hover&#8221; filter_opacity__hover=&#8221;40%&#8221;]<\/p>\n<p>Estructura organitzativa<\/p>\n<p>[\/et_pb_text][\/et_pb_column][et_pb_column type=&#8221;1_6&#8243; admin_label=&#8221;Colecciones&#8221; _builder_version=&#8221;4.22.0&#8243; _module_preset=&#8221;default&#8221; custom_css_main_element=&#8221;width:20% !important;&#8221; global_colors_info=&#8221;{}&#8221; custom_css_main_element_last_edited=&#8221;on|tablet&#8221; custom_css_main_element_tablet=&#8221;width:100% !important;&#8221; custom_css_main_element_phone=&#8221;width:100% !important;&#8221;][et_pb_text admin_label=&#8221;Colecciones&#8221; _builder_version=&#8221;4.27.0&#8243; _module_preset=&#8221;default&#8221; text_font=&#8221;Tiempos-Light||||||||&#8221; text_text_color=&#8221;#FFFFFF&#8221; text_font_size=&#8221;1.5em&#8221; custom_margin_tablet=&#8221;1vh||||false|false&#8221; custom_margin_phone=&#8221;1vh||||false|false&#8221; custom_margin_last_edited=&#8221;on|tablet&#8221; custom_padding_tablet=&#8221;||||false|false&#8221; custom_padding_phone=&#8221;||||false|false&#8221; custom_padding_last_edited=&#8221;on|tablet&#8221; link_option_url=&#8221;https:\/\/fundacionernestoventos.org\/ca\/colecciones\/&#8221; text_font_tablet=&#8221;TiemposBold||||||||&#8221; text_font_phone=&#8221;TiemposBold||||||||&#8221; text_font_last_edited=&#8221;on|tablet&#8221; global_colors_info=&#8221;{}&#8221; filter_opacity__hover_enabled=&#8221;on|hover&#8221; filter_opacity__hover=&#8221;40%&#8221;]<\/p>\n<p>Col\u00b7leccions<\/p>\n<p>[\/et_pb_text][et_pb_text admin_label=&#8221;Colecci\u00f3n olorVISUAL&#8221; _builder_version=&#8221;4.27.0&#8243; _module_preset=&#8221;default&#8221; text_font=&#8221;Tiempos-Light||||||||&#8221; text_text_color=&#8221;#FFFFFF&#8221; text_font_size=&#8221;1.2em&#8221; custom_margin=&#8221;|||2vw|false|false&#8221; link_option_url=&#8221;https:\/\/fundacionernestoventos.org\/ca\/colecciones\/#olorVISUAL&#8221; global_colors_info=&#8221;{}&#8221; filter_opacity__hover_enabled=&#8221;on|hover&#8221; filter_opacity__hover=&#8221;40%&#8221;]<\/p>\n<p>colecci\u00f3n olorVISUAL<\/p>\n<p>[\/et_pb_text][et_pb_text admin_label=&#8221;NASEVO&#8221; _builder_version=&#8221;4.27.0&#8243; _module_preset=&#8221;default&#8221; text_font=&#8221;Tiempos-Light||||||||&#8221; text_text_color=&#8221;#FFFFFF&#8221; text_font_size=&#8221;1.2em&#8221; custom_margin=&#8221;|||2vw|false|false&#8221; link_option_url=&#8221;https:\/\/fundacionernestoventos.org\/ca\/colecciones\/#nasevo&#8221; global_colors_info=&#8221;{}&#8221; filter_opacity__hover_enabled=&#8221;on|hover&#8221; filter_opacity__hover=&#8221;40%&#8221;]<\/p>\n<p>Col\u00b7lecci\u00f3 NASEVO<\/p>\n<p>[\/et_pb_text][\/et_pb_column][et_pb_column type=&#8221;1_6&#8243; admin_label=&#8221;Experiencias Art in Essence&#8221; _builder_version=&#8221;4.24.2&#8243; _module_preset=&#8221;default&#8221; custom_css_main_element=&#8221;width:25% !important;&#8221; global_colors_info=&#8221;{}&#8221; custom_css_main_element_last_edited=&#8221;on|tablet&#8221; custom_css_main_element_tablet=&#8221;width:100% !important;&#8221; custom_css_main_element_phone=&#8221;width:100% !important;&#8221;][et_pb_text admin_label=&#8221;Exp.Art in Essence&#8221; _builder_version=&#8221;4.27.0&#8243; _module_preset=&#8221;default&#8221; text_font=&#8221;Tiempos-Light||||||||&#8221; text_text_color=&#8221;#FFFFFF&#8221; text_font_size=&#8221;1.5em&#8221; link_option_url=&#8221;https:\/\/fundacionernestoventos.org\/ca\/experiencias-art-in-essence\/&#8221; text_font_tablet=&#8221;TiemposBold||||||||&#8221; text_font_phone=&#8221;TiemposBold||||||||&#8221; text_font_last_edited=&#8221;on|tablet&#8221; global_colors_info=&#8221;{}&#8221; filter_opacity__hover_enabled=&#8221;on|hover&#8221; filter_opacity__hover=&#8221;40%&#8221;]<\/p>\n<p>Experi\u00e8ncias Art in Essence<\/p>\n<p>[\/et_pb_text][et_pb_text admin_label=&#8221;Asesoria olfativa&#8221; _builder_version=&#8221;4.27.0&#8243; _module_preset=&#8221;default&#8221; text_font=&#8221;Tiempos-Light||||||||&#8221; text_text_color=&#8221;#FFFFFF&#8221; text_font_size=&#8221;1.2em&#8221; custom_margin=&#8221;|||2vw|false|false&#8221; link_option_url=&#8221;https:\/\/fundacionernestoventos.org\/ca\/experiencias-art-in-essence\/#olfativa&#8221; global_colors_info=&#8221;{}&#8221; filter_opacity__hover_enabled=&#8221;on|hover&#8221; filter_opacity__hover=&#8221;40%&#8221;]<\/p>\n<p>Assessoria olfactiva<\/p>\n<p>[\/et_pb_text][et_pb_text admin_label=&#8221;Educaci\u00f3n&#8221; _builder_version=&#8221;4.27.0&#8243; _module_preset=&#8221;default&#8221; text_font=&#8221;Tiempos-Light||||||||&#8221; text_text_color=&#8221;#FFFFFF&#8221; text_font_size=&#8221;1.2em&#8221; custom_margin=&#8221;|||2vw|false|false&#8221; link_option_url=&#8221;https:\/\/fundacionernestoventos.org\/ca\/experiencias-art-in-essence\/#educacion&#8221; global_colors_info=&#8221;{}&#8221; filter_opacity__hover_enabled=&#8221;on|hover&#8221; filter_opacity__hover=&#8221;40%&#8221;]<\/p>\n<p>Did\u00e0ctica i tallers<\/p>\n<p>[\/et_pb_text][et_pb_text admin_label=&#8221;Workshops&#8221; _builder_version=&#8221;4.27.0&#8243; _module_preset=&#8221;default&#8221; text_font=&#8221;Tiempos-Light||||||||&#8221; text_text_color=&#8221;#FFFFFF&#8221; text_font_size=&#8221;1.2em&#8221; custom_margin=&#8221;|||2vw|false|false&#8221; link_option_url=&#8221;https:\/\/fundacionernestoventos.org\/ca\/experiencias-art-in-essence\/#workshops&#8221; global_colors_info=&#8221;{}&#8221; filter_opacity__hover_enabled=&#8221;on|hover&#8221; filter_opacity__hover=&#8221;40%&#8221;]<\/p>\n<p>Workshops<\/p>\n<p>[\/et_pb_text][et_pb_text admin_label=&#8221;Exposiciones&#8221; _builder_version=&#8221;4.27.0&#8243; _module_preset=&#8221;default&#8221; text_font=&#8221;Tiempos-Light||||||||&#8221; text_text_color=&#8221;#FFFFFF&#8221; text_font_size=&#8221;1.2em&#8221; custom_margin=&#8221;|||2vw|false|false&#8221; link_option_url=&#8221;https:\/\/fundacionernestoventos.org\/ca\/experiencias-art-in-essence\/#exposiciones&#8221; global_colors_info=&#8221;{}&#8221; filter_opacity__hover_enabled=&#8221;on|hover&#8221; filter_opacity__hover=&#8221;40%&#8221;]<\/p>\n<p>Exposicions<\/p>\n<p>[\/et_pb_text][et_pb_text admin_label=&#8221;Premio NASEVO&#8221; _builder_version=&#8221;4.27.0&#8243; _module_preset=&#8221;default&#8221; text_font=&#8221;Tiempos-Light||||||||&#8221; text_text_color=&#8221;#FFFFFF&#8221; text_font_size=&#8221;1.2em&#8221; custom_margin=&#8221;|||2vw|false|false&#8221; link_option_url=&#8221;https:\/\/fundacionernestoventos.org\/ca\/premio-nasevo\/&#8221; global_colors_info=&#8221;{}&#8221; filter_opacity__hover_enabled=&#8221;on|hover&#8221; filter_opacity__hover=&#8221;40%&#8221;]<\/p>\n<p>Premi NASEVO<\/p>\n<p>[\/et_pb_text][\/et_pb_column][et_pb_column type=&#8221;1_6&#8243; admin_label=&#8221;Contacto&#8221; _builder_version=&#8221;4.22.0&#8243; _module_preset=&#8221;default&#8221; custom_css_main_element=&#8221;width:10% !important;&#8221; global_colors_info=&#8221;{}&#8221; custom_css_main_element_last_edited=&#8221;on|tablet&#8221; custom_css_main_element_tablet=&#8221;width:100% !important;&#8221; custom_css_main_element_phone=&#8221;width:100% !important;&#8221;][et_pb_text admin_label=&#8221;Contacto&#8221; _builder_version=&#8221;4.27.0&#8243; _dynamic_attributes=&#8221;link_option_url&#8221; _module_preset=&#8221;default&#8221; text_font=&#8221;Tiempos-Light||||||||&#8221; text_text_color=&#8221;#FFFFFF&#8221; text_font_size=&#8221;1.5em&#8221; text_orientation=&#8221;right&#8221; link_option_url=&#8221;@ET-DC@eyJkeW5hbWljIjp0cnVlLCJjb250ZW50IjoicG9zdF9saW5rX3VybF9wYWdlIiwic2V0dGluZ3MiOnsicG9zdF9pZCI6IjIwNzMifX0=@&#8221; global_colors_info=&#8221;{}&#8221; filter_opacity__hover_enabled=&#8221;on|hover&#8221; filter_opacity__hover=&#8221;40%&#8221;]<\/p>\n<p>Contacte<\/p>\n<p>[\/et_pb_text][et_pb_text _builder_version=&#8221;4.27.0&#8243; _module_preset=&#8221;default&#8221; text_font=&#8221;Tiempos-Light||||||||&#8221; text_text_color=&#8221;#FFFFFF&#8221; text_font_size=&#8221;1.5em&#8221; text_orientation=&#8221;right&#8221; custom_margin=&#8221;2vh||||false|false&#8221; link_option_url=&#8221;https:\/\/fundacionernestoventos.org\/ca\/noticias&#8221; global_colors_info=&#8221;{}&#8221; filter_opacity__hover=&#8221;40%&#8221; filter_opacity__hover_enabled=&#8221;on|hover&#8221;]<\/p>\n<p>Noticies<\/p>\n<p>[\/et_pb_text][\/et_pb_column][\/et_pb_row][\/et_pb_section][et_pb_section fb_built=&#8221;1&#8243; _builder_version=&#8221;4.27.0&#8243; _module_preset=&#8221;default&#8221; background_color=&#8221;#ededed&#8221; hover_enabled=&#8221;0&#8243; collapsed=&#8221;off&#8221; global_colors_info=&#8221;{}&#8221; sticky_enabled=&#8221;0&#8243;][et_pb_row admin_label=&#8221;Podcast&#8221; _builder_version=&#8221;4.25.1&#8243; _module_preset=&#8221;default&#8221; custom_margin=&#8221;0px||0px||false|false&#8221; custom_padding=&#8221;5vh||0px||false|false&#8221; border_width_bottom=&#8221;1px&#8221; border_color_bottom=&#8221;#0011D6&#8243; global_colors_info=&#8221;{}&#8221;][et_pb_column type=&#8221;4_4&#8243; _builder_version=&#8221;4.25.1&#8243; _module_preset=&#8221;default&#8221; global_colors_info=&#8221;{}&#8221;][et_pb_text admin_label=&#8221;Podcast&#8221; _builder_version=&#8221;4.27.0&#8243; _module_preset=&#8221;default&#8221; text_font=&#8221;TiemposBold|300|||||||&#8221; text_text_color=&#8221;#0011D6&#8243; text_font_size=&#8221;5em&#8221; custom_padding=&#8221;||5vh||false|false&#8221; locked=&#8221;off&#8221; global_colors_info=&#8221;{}&#8221;]<\/p>\n<p>Un podcast que fa olor<\/p>\n<p>[\/et_pb_text][\/et_pb_column][\/et_pb_row][et_pb_row admin_label=&#8221;Actividades&#8221; _builder_version=&#8221;4.27.0&#8243; _module_preset=&#8221;default&#8221; custom_margin=&#8221;1vh||||false|false&#8221; custom_css_main_element=&#8221;overflow-y: hidden;&#8221; locked=&#8221;off&#8221; global_colors_info=&#8221;{}&#8221;][et_pb_column type=&#8221;4_4&#8243; _builder_version=&#8221;4.25.0&#8243; _module_preset=&#8221;default&#8221; global_colors_info=&#8221;{}&#8221;][et_pb_blog posts_number=&#8221;100&#8243; include_categories=&#8221;15&#8243; show_more=&#8221;on&#8221; show_author=&#8221;off&#8221; show_date=&#8221;off&#8221; use_overlay=&#8221;on&#8221; overlay_icon_color=&#8221;#0011D6&#8243; hover_overlay_color=&#8221;rgba(0,17,214,0.2)&#8221; _builder_version=&#8221;4.27.0&#8243; _module_preset=&#8221;default&#8221; header_font=&#8221;Tiempos-Light||||||||&#8221; header_text_color=&#8221;#0011D6&#8243; meta_font=&#8221;Montserrat|700|||||||&#8221; meta_text_color=&#8221;#000000&#8243; read_more_font=&#8221;Montserrat|700||on|||||&#8221; read_more_text_color=&#8221;#0011D6&#8243; pagination_font=&#8221;Montserrat|700||on|||||&#8221; pagination_text_color=&#8221;#0011D6&#8243; pagination_font_size=&#8221;10px&#8221; custom_padding=&#8221;||5vh||false|false&#8221; custom_css_main_element=&#8221;column-count: 4;||column-gap: 1vw;||height:65vh;&#8221; custom_css_free_form=&#8221;.et_pb_post {||    margin-bottom: 70px;||    word-wrap: break-word;||}||selector article {||  display:inline-table;||}&#8221; custom_css_content=&#8221;margin-bottom:5vh;&#8221; custom_css_read_more=&#8221;width:40%;||padding-top:1vh;||border-bottom:solid 1px;||&#8221; border_width_all=&#8221;0px&#8221; border_radii_image=&#8221;on|10px|10px|10px|10px&#8221; locked=&#8221;off&#8221; global_colors_info=&#8221;{}&#8221; meta_text_color__hover_enabled=&#8221;on|hover&#8221; meta_text_color__hover=&#8221;#0011D6&#8243;][\/et_pb_blog][\/et_pb_column][\/et_pb_row][\/et_pb_section]<\/p>\n","protected":false},"excerpt":{"rendered":"<p>PodcastESP | CAT | ENGIniciErnesto Vent\u00f3s OmedesPerfumistaCol\u00b7leccionistaArtistaLa Fundaci\u00f3ValorsVisi\u00f3 &amp; Missi\u00f3Estructura organitzativaCol\u00b7leccionscolecci\u00f3n olorVISUALCol\u00b7lecci\u00f3 NASEVOExperi\u00e8ncias Art in EssenceAssessoria olfactivaDid\u00e0ctica i tallersWorkshopsExposicionsPremi NASEVOContacteNoticiesUn podcast que fa olor<\/p>\n","protected":false},"author":1,"featured_media":0,"parent":0,"menu_order":47,"comment_status":"closed","ping_status":"closed","template":"","meta":{"_acf_changed":false,"give_campaign_id":0,"_et_pb_use_builder":"on","_et_pb_old_content":"","_et_gb_content_width":"","footnotes":""},"dipi_cpt_category":[],"class_list":["post-26019155","page","type-page","status-publish","hentry"],"acf":[],"campaignId":"","_links":{"self":[{"href":"https:\/\/fundacionernestoventos.org\/ca\/wp-json\/wp\/v2\/pages\/26019155","targetHints":{"allow":["GET"]}}],"collection":[{"href":"https:\/\/fundacionernestoventos.org\/ca\/wp-json\/wp\/v2\/pages"}],"about":[{"href":"https:\/\/fundacionernestoventos.org\/ca\/wp-json\/wp\/v2\/types\/page"}],"author":[{"embeddable":true,"href":"https:\/\/fundacionernestoventos.org\/ca\/wp-json\/wp\/v2\/users\/1"}],"replies":[{"embeddable":true,"href":"https:\/\/fundacionernestoventos.org\/ca\/wp-json\/wp\/v2\/comments?post=26019155"}],"version-history":[{"count":0,"href":"https:\/\/fundacionernestoventos.org\/ca\/wp-json\/wp\/v2\/pages\/26019155\/revisions"}],"wp:attachment":[{"href":"https:\/\/fundacionernestoventos.org\/ca\/wp-json\/wp\/v2\/media?parent=26019155"}],"wp:term":[{"taxonomy":"dipi_cpt_category","embeddable":true,"href":"https:\/\/fundacionernestoventos.org\/ca\/wp-json\/wp\/v2\/dipi_cpt_category?post=26019155"}],"curies":[{"name":"wp","href":"https:\/\/api.w.org\/{rel}","templated":true}]}}