{"id":26018414,"date":"2023-08-15T10:15:34","date_gmt":"2023-08-15T08:15:34","guid":{"rendered":"https:\/\/fundacionernestoventos.org\/artistas\/"},"modified":"2024-10-02T11:01:22","modified_gmt":"2024-10-02T09:01:22","slug":"artistas","status":"publish","type":"page","link":"https:\/\/fundacionernestoventos.org\/ca\/artistas\/","title":{"rendered":"Artistas"},"content":{"rendered":"<p>[et_pb_section fb_built=&#8221;1&#8243; admin_label=&#8221;Artistas de la Colecci\u00f3n&#8221; _builder_version=&#8221;4.25.1&#8243; _module_preset=&#8221;default&#8221; background_color=&#8221;RGBA(255,255,255,0)&#8221; background_image=&#8221;https:\/\/fundacionernestoventos.org\/wp-content\/uploads\/2023\/08\/Exposiones_2.webp&#8221; background_blend=&#8221;multiply&#8221; height=&#8221;80vh&#8221; mix_blend_mode=&#8221;multiply&#8221; collapsed=&#8221;off&#8221; global_colors_info=&#8221;{}&#8221;][et_pb_row use_custom_gutter=&#8221;on&#8221; gutter_width=&#8221;2&#8243; make_equal=&#8221;on&#8221; _builder_version=&#8221;4.25.1&#8243; _module_preset=&#8221;default&#8221; max_width=&#8221;100%&#8221; module_alignment=&#8221;center&#8221; custom_margin=&#8221;5vh||||false|false&#8221; collapsed=&#8221;off&#8221; global_colors_info=&#8221;{}&#8221;][et_pb_column type=&#8221;4_4&#8243; _builder_version=&#8221;4.25.1&#8243; _module_preset=&#8221;default&#8221; global_colors_info=&#8221;{}&#8221;][et_pb_text admin_label=&#8221;Exposiciones&#8221; _builder_version=&#8221;4.25.1&#8243; _module_preset=&#8221;default&#8221; text_font=&#8221;Tiempos-Light||||||||&#8221; text_text_color=&#8221;#0011D6&#8243; text_font_size=&#8221;5em&#8221; text_line_height=&#8221;1em&#8221; text_orientation=&#8221;center&#8221; width=&#8221;50%&#8221; module_alignment=&#8221;left&#8221; custom_padding=&#8221;||2vh||false|false&#8221; border_width_bottom=&#8221;1px&#8221; locked=&#8221;off&#8221; global_colors_info=&#8221;{}&#8221;]<\/p>\n<p style=\"text-align: left;\">colecci\u00f3n olorVISUAL<\/p>\n<p>[\/et_pb_text][\/et_pb_column][\/et_pb_row][\/et_pb_section][et_pb_section fb_built=&#8221;1&#8243; admin_label=&#8221;Artistas de la Colecci\u00f3n&#8221; _builder_version=&#8221;4.25.1&#8243; _module_preset=&#8221;default&#8221; background_color=&#8221;#EDEDED&#8221; top_divider_height=&#8221;50px&#8221; locked=&#8221;off&#8221; collapsed=&#8221;off&#8221; global_colors_info=&#8221;{}&#8221;][et_pb_row use_custom_gutter=&#8221;on&#8221; gutter_width=&#8221;2&#8243; make_equal=&#8221;on&#8221; _builder_version=&#8221;4.25.1&#8243; _module_preset=&#8221;default&#8221; max_width=&#8221;100%&#8221; module_alignment=&#8221;center&#8221; custom_margin=&#8221;5vh||||false|false&#8221; locked=&#8221;off&#8221; collapsed=&#8221;off&#8221; global_colors_info=&#8221;{}&#8221;][et_pb_column type=&#8221;4_4&#8243; _builder_version=&#8221;4.25.1&#8243; _module_preset=&#8221;default&#8221; global_colors_info=&#8221;{}&#8221;][et_pb_text admin_label=&#8221;Exposiciones&#8221; _builder_version=&#8221;4.27.0&#8243; _module_preset=&#8221;default&#8221; text_font=&#8221;Tiempos-Light||||||||&#8221; text_text_color=&#8221;#0011D6&#8243; text_font_size=&#8221;5em&#8221; text_line_height=&#8221;1em&#8221; text_orientation=&#8221;center&#8221; width=&#8221;50%&#8221; module_alignment=&#8221;left&#8221; custom_padding=&#8221;||2vh||false|false&#8221; border_width_bottom=&#8221;1px&#8221; global_colors_info=&#8221;{}&#8221;]<\/p>\n<p style=\"text-align: left;\">Artistes<br \/>de la colecci\u00f3n<\/p>\n<p>[\/et_pb_text][\/et_pb_column][\/et_pb_row][et_pb_row column_structure=&#8221;1_4,1_4,1_4,1_4&#8243; use_custom_gutter=&#8221;on&#8221; gutter_width=&#8221;2&#8243; admin_label=&#8221;Artistas&#8221; _builder_version=&#8221;4.25.1&#8243; _module_preset=&#8221;default&#8221; width=&#8221;100%&#8221; custom_padding=&#8221;0px||||false|false&#8221; global_colors_info=&#8221;{}&#8221; locked=&#8221;off&#8221;][et_pb_column type=&#8221;1_4&#8243; _builder_version=&#8221;4.25.1&#8243; _module_preset=&#8221;default&#8221; global_colors_info=&#8221;{}&#8221;][et_pb_text admin_label=&#8221;Artistas&#8221; _builder_version=&#8221;4.27.2&#8243; _module_preset=&#8221;default&#8221; text_font=&#8221;Montserrat||||||||&#8221; text_text_color=&#8221;#0011D6&#8243; text_font_size=&#8221;1em&#8221; custom_padding=&#8221;||0px|||&#8221; custom_css_main_element=&#8221;padding-right:1vw;&#8221; global_colors_info=&#8221;{}&#8221;]<\/p>\n<p>ABAD, FRANCESC<br \/>ABALLI, IGNASI<br \/>ADRIAN, PIC<br \/>AGENJO, ROSA<br \/>AGRELA, ANGELES<br \/>AGUILAR, SERGI<br \/>AGUT, PEP<br \/>AIS, JOS\u00c9 RAM\u00d3N<br \/>AJA, JOS\u00c9<br \/>ALBACETE, ALFONSO<br \/>ALBARR\u00c1N CABRERA<br \/>(Angel Albarr\u00e1n &#8211; Anna P. Cabrera)<br \/>ALBERT\u00cd, NEI<br \/>ALCAIN, ALFREDO<br \/>ALCARAZ, JORDI<br \/>ALCOLEA, CARLOS<br \/>ALDRICH, RICHARD<br \/>ALFARO, ANDREU<br \/>ALIGUE, JORDI<br \/>ALKAIN, JAVIER<br \/>ALMAL\u00c9, JAVIER \/ BOND\u00cdA, JESUS<br \/>ALONSO, \u00c1NGEL<br \/>ALVAREZ BASSO, DARIO<br \/>\u00c1LVAREZ PL\u00c1GARO, ALFREDO<br \/>ALVARGONZALEZ, CHEMA<br \/>AMADOR (MAGRANER)<br \/>AMAT, FREDERIC<br \/>AMIG\u00d3, XIMO<br \/>AMONDARAIN, JR<br \/>AMPUDIA, EUGENIO<br \/>ANDREA, PAT<br \/>ANZANO, CARMEN<br \/>ARAKI, NOBUYOSHI<br \/>ARANGUREN, MAR\u00cdA<br \/>ARB\u00d3S, EDUARD<br \/>ARCE, JAVIER<br \/>ARGIMON, DANIEL<br \/>ARGOTE, IV\u00c1N<br \/>ARIMANY, ELISA<br \/>ARMENGOL, MANEL<br \/>ARMENTER, XANO<br \/>ARMESTO, PABLO<br \/>ARRIETA, IZASKUN<br \/>ARSENAULT, TODD<br \/>ART &amp; LANGUAGE<br \/>ARTIGAU, FRANCESC<br \/>ARZA, MAR<br \/>ASSEFJAH, MOJ\u00c9<br \/>ASSIG, MARTIN<br \/>AZCARATE, PATRICIA<br \/>B\u00c4CHLI, SILVIA<br \/>BADIOLA, TXOMIN<br \/>BAEZ, JOS\u00c9 MARIA<br \/>BALANZA, JOS\u00c9 CARLOS<br \/>BALASCH, ALFRED<br \/>BALDA, JAVIER<br \/>BALDRIDGE, JAMIE<br \/>BALKA, MIROSLAW<br \/>BALLEN, ROGER<br \/>BALLESTER MORENO, ANTONIO<br \/>BALLESTER, JOS\u00c9 MANUEL<br \/>BALLESTEROS, MANOLO<br \/>BARBA, LLUIS<br \/>BARCEL\u00d3, MIQUEL<br \/>BARNILS, SERGI<br \/>BARREIRO, TO\u00d1O<br \/>BARRERA FUST\u00c9, JAUME<br \/>BARTOLOZZI, RAFAEL<br \/>BAS, JOS\u00c9 RAM\u00d3N<br \/>BATISTA, JUAN CARLOS<br \/>B\u00c1TORFI, ANDREA<br \/>BAUMGARTNER, STIG<br \/>BAUTISTA, MANOLO<br \/>BECHTOLD, ERWIN<br \/>BECK, BIANCA<br \/>BEEFERMAN, LEAH<br \/>BELLOTTI, EVARISTO<br \/>BELTRAN, ERICK<br \/>BENITEZ, EVARISTO<br \/>BENITO, JORDI<br \/>BENN\u00c0SSAR, JOAN<br \/>BERENGUER, JOSE MANUEL<br \/>BERNAD\u00d3, JORDI<br \/>BETANCOURT, CARLOS<br \/>BICK, ANDREW<br \/>BILLINGHAM, RICHARD<br \/>BIRD, JIM<br \/>BIZJAK, PRIMOZ<br \/>BLASCO, ISIDRO<br \/>BLUMENFELD, ERWIN<br \/>BOCK, KATINKA<br \/>BOFARULL, ANGEL<br \/>BOGART, BRAM<br \/>BONINO, ANGIE<br \/>BOOKER, CHAKAIA<br \/>BORRELL, ALFONS<br \/>BOSCO SODI<br \/>BOUR, VERONIQUE<br \/>BRACHO, JUAN CARLOS<br \/>BRAND, JOSH<br \/>BRAND, MAX<br \/>BRANDL, HERBERT<br \/>BRESS, BRIAN<br \/>BRINKMANN, ENRIQUE<br \/>BROSSA, JOAN<br \/>BROTO, JOSE MANUEL<br \/>BROWN, JAMES<br \/>BR\u00dcGGEMANN, STEPHAN<br \/>BUCHER, WILLI<br \/>B\u00dcCHLER, PAVEL<br \/>BUFILL, JUAN<br \/>BUGGENHOUT, PETER<br \/>BULL\u00c1S, J\u00d3ZSEF<br \/>BUNGA, CARLOS<br \/>BURGUILLOS, JAIME<br \/>BUZ\u00d3N, JAVIER<br \/>CABELLO \/ CARCELLER<br \/>CABESTANY, JORDI<br \/>CABRITA REIS, PEDRO<br \/>C\u00c1CCAMO, BERTA<br \/>CAHN, MIRIAM<br \/>CALAPEZ, PEDRO<br \/>CALDER\u00d3N, CRISTINA &#8211; PAULETE, JOS\u00c9 LUIS<br \/>CALERO, RICARDO<br \/>CALLAN, JONATHAN<br \/>CALVO, CARMEN<br \/>CAMARASA, ANTONI<br \/>CAMB\u00cdN, LORENZO<br \/>CAM\u00cd, JOS\u00c9 MARIA<br \/>CAMPANO, JAVIER<br \/>CAMPANO, MIGUEL ANGEL<br \/>CANDAUDAP, LUIS<br \/>CANO, EUGENIO<br \/>CANO, JORDI<br \/>CANOGAR, DANIEL<br \/>C\u00c1NOVAS, JES\u00daS<br \/>CAP\u00c7ADA, LLUIS<br \/>CARBAJO, TONO<br \/>CARBOTTA, LUDOVICA<br \/>CARDA, VICENT<br \/>CARDELUS, MAGGIE<br \/>C\u00c1RDENAS, LEYLA<br \/>CARO, ANTHONY<br \/>CARR, TOM<br \/>CARRAL, MARTIN<br \/>CARRI\u00d3, PEP<br \/>CARROL, LAWRENCE<br \/>CARVAJAL, CLARA<br \/>CASADES\u00daS, AL\u00cdCIA<br \/>CASA\u00d1AS, JORDI<br \/>CASTELLA, VINCENZO<br \/>CASTELLANO, JACOBO<br \/>CASTILLO, JORGE<br \/>CASTRO PRIETO, JUAN MANUEL<br \/>CASTRORTEGA, PEDRO<br \/>CATANY, TONI<br \/>CAVADA, RICARDO<br \/>CERA, JOANA<br \/>CERQUEIRA, MAURO<br \/>CERVI\u00d1O, \u00c1NGEL<br \/>CEULERS, MICHIEL<br \/>CHAFES, RUI<br \/>CHANCHO, JOAQUIN<br \/>CHILLIDA, EDUARDO<br \/>CHIRINO, MART\u00cdN<br \/>CHOPRA, TARUN<br \/>CHRISTO<br \/>CID, CARLOS<br \/>CIERVO, COSTANTINO<br \/>CIFR\u00c9, GUILLEM<br \/>CIRIA, JOS\u00c9 MANUEL<br \/>CIVERA, VICTORIA<br \/>CLAPERS, RAMON<br \/>CLAR, JAMES<br \/>CLARAMUNT, LUIS<br \/>CLAV\u00c9, ANTONI<br \/>CODINA, JOSEP M.<br \/>COHEN, LYNNE<br \/>COLLINS, HANNAH<br \/>COLOMER, JORDI<br \/>CONCA I GRAU, JOAQUIM<br \/>CONGOST FELIU, CARLES<br \/>COPLANS, JOHN<br \/>CORAZ\u00d3N, ALBERTO<br \/>CORDOBA, SOLEDAD<br \/>CORMENZANA, ENRIC<br \/>CORREA, JUAN<br \/>CORREA, MAGDALENA<br \/>CORTES, JOAN<br \/>COSTE, ANNE-LISE<br \/>COTANDA, RICARDO<br \/>COWEN, JEFF<br \/>CREPALDI, LUCIANA<br \/>CREWDSON, GREGORY<br \/>CROFT, JOS\u00c9 PEDRO<br \/>CRUSPINERA, JOAN<br \/>CRUZ HERNANDEZ, LUIS<\/p>\n<p>[\/et_pb_text][\/et_pb_column][et_pb_column type=&#8221;1_4&#8243; _builder_version=&#8221;4.25.1&#8243; _module_preset=&#8221;default&#8221; global_colors_info=&#8221;{}&#8221;][et_pb_text admin_label=&#8221;Artistas&#8221; _builder_version=&#8221;4.27.2&#8243; _module_preset=&#8221;default&#8221; text_font=&#8221;Montserrat||||||||&#8221; text_text_color=&#8221;#0011D6&#8243; text_font_size=&#8221;1em&#8221; global_colors_info=&#8221;{}&#8221;]<\/p>\n<p>CUEVAS, GARIKOITZ<br \/>DAL\u00cd, SALVADOR<br \/>DAUDER, PATRICIA<br \/>DAUDER, PATRICIA<br \/>DAUDER, PATRICIA<br \/>DAVIDSON, JACK<br \/>DAVIS, TIM<br \/>DE ANDRES, JUAN<br \/>DE AYGUAVIVES, MARIO<br \/>DE AZAMBUJA, MARLON<br \/>DE BEUL, BERT<br \/>DE GUIMARAES, JOS\u00c9<br \/>DE JAVIER, CARLOS<br \/>DE LA CRUZ, \u00c1NGELA<br \/>DE LA VEGA, ALVARO<br \/>DE MIDDEL, CRISTINA<br \/>DE PAZ, CARLOS<br \/>DE UDAETA FONT, ALBERTO<br \/>DE VAL &amp; LETO<br \/>DE VAL, CECILIA<br \/>DEAN, STEPHEN<br \/>DEDEU, JORDI<br \/>DEDOBBELEER, KOENRAAD<br \/>DEL RIVERO, ELENA<br \/>DELAS, DIEGO<br \/>DEMOCRACIA<br \/>DESCARGA, JOAN<br \/>D\u00c9U, XAVIER<br \/>DIAZ, DAVID<br \/>DIAZ, FLORENTINO<br \/>D\u00cdEZ, ROBERTO<br \/>DOIZ, MIREN<br \/>DOKOUPIL, JIRI<br \/>DOM\u00c8NEC<br \/>DORNER, HELMUT<br \/>DOU, OLEG<br \/>DOUGLAS BEER, TJORG<br \/>DURAN VILA, PACO<br \/>DURAN, PEP<br \/>DURGIN, BILL<br \/>ECHEVERRIA, PATXI<br \/>EDMONDSON, SIMON<br \/>ELOYAN, ARMEN<br \/>EQUIPO 57<br \/>ESCLUSA, MANEL<br \/>ESCRIB\u00c0, XAVIER<br \/>ESKINJA, IGOR<br \/>ESPIN\u00d3S, ADRI\u00c0<br \/>ETXARTE, JES\u00daS<br \/>ETXARTE, JES\u00daS \/ EVRU<br \/>EUBA, ANDONI<br \/>EVRU<br \/>F.M.G.<br \/>FABR\u00c9, \u00d1ACO<br \/>FERN\u00c1NDEZ, PACO<br \/>FERR\u00c9, JORGE<br \/>FERREIRA, RUI<br \/>FERRER, ANNA<br \/>FERRER, ESTHER<br \/>FERRO, KNOPP<br \/>FISCHER, ROLAND<br \/>FITZGERALD, PATRICK MICHAEL<br \/>FLUX\u00c0, LARA<br \/>FONDEVILA, PAULINE<br \/>FONT, ENRIC<br \/>FONTCUBERTA, JOAN<br \/>FONTELA, HUGO<br \/>F\u00d6RG, G\u00dcNTER<br \/>FORG\u00c1CS, P\u00c9TER<br \/>FORMIGUERA, PERE<br \/>FORTEZA, RAFA<br \/>FRANCIS, MARK<br \/>FRIDFINNSSON, HREINN<br \/>FRIES, PIA<br \/>FR\u00d6HLICH, PHILIPP<br \/>FUCHS, DANIEL &#8211; GEO<br \/>FULLA, JORDI<br \/>FURRIOLS, JOAN<br \/>FUSS, ADAM<br \/>FUSTER, NURIA<br \/>FUSTERO, ELVIRA<br \/>GABARR\u00d3, CARLES<br \/>GABRIEL<br \/>GALAN, MARCIUS<br \/>GALD\u00d3N, JES\u00daS<br \/>GALINDO, JORGE<br \/>GALLEGO, JOSE<br \/>GALLO, PETER<br \/>G\u00c1MEZ LARA, PALOMA<br \/>GARAICOA, CARLOS<br \/>GARC\u00c9S, JAVIER<br \/>GARCIA RODERO, CRISTINA<br \/>GARCIA SEVILLA, FERRAN<br \/>GARCIA, CONCHA<br \/>GARC\u00cdA, FERNANDO<br \/>GARCIN, GILBERT<br \/>GARDU\u00d1O, FLOR<br \/>GARDY ARTIGAS, JOAN<br \/>GENOVART, ADOLF<br \/>GENOVART, JAUME<br \/>GENOV\u00c9S, PABLO<br \/>GERHARD, TILL<br \/>GEROSA, GABRIELLA<br \/>GILLMORE, GRAHAM<br \/>GIM\u00c9NEZ, REGINA<br \/>GIRBES, ANTONIO<br \/>GIRONA, MARIA<br \/>GOEDICKE, CLAUS<br \/>GOLTZMAN, SILVIA<br \/>GOMEZ REDONDO, M\u00aa JOS\u00c9<br \/>G\u00d3MEZ, TOM\u00c1S<br \/>GON\u00c7ALVES, DALILA<br \/>GONZALEZ PALMA, LUIS<br \/>GONZ\u00c1LEZ, ANTONIO<br \/>GONZ\u00c1LEZ, DIONISIO<br \/>GONZALO ENCINAR, RODRIGO<br \/>GONZALO, ALBERT<br \/>GORDILLO, LUIS<br \/>GORDON, DOUGLAS<br \/>GOYENECHE, ARANCHA<br \/>GOZALBO, MIQUEL<br \/>GRASSI-HIDALGO, RAFAEL<br \/>GRAU SANTOS, JULI\u00c1N<br \/>GRAU, XAVIER<br \/>GROSPIERRE, NICOLAS<br \/>GRUBANOV, IVAN<br \/>GRUBER, EDUARDO<br \/>GUERRERA, LOLA<br \/>GUERRERO MEDINA, JOSE M\u00aa<br \/>GUERRERO, ARTURO<br \/>GUERRERO, PEP<br \/>GUERRERO, RUB\u00c9N<br \/>GUIJARRO, JOS\u00c9 MARIA<br \/>GUINOVART, JOSEP<br \/>GUITART, CARLES<br \/>GUOGU, ZHENG<br \/>GUTIERREZ, CIUCO<br \/>HAGEN, MARK<br \/>HALLEY, PETER<br \/>HAMAK, HERBERT<br \/>HAMAK, HERBERT<br \/>HAMILTON, PATRICK<br \/>HAMILTON, RICHARD<br \/>HAMILTON, RICHARD &#8211; ROTH, DIETER<br \/>HAMMOND, JANE<br \/>H\u00c4NNINEN, NANNA<br \/>HELGUERA, MARIA<br \/>HERNANDEZ PIJUAN, JOAN<br \/>HERNANDEZ RIVERO, PIPO<br \/>HERNANDO, IGNACIO<br \/>HERNANDO, JOSE<br \/>HEROLD, GEORG<br \/>HERRERA DALMAU, CRISTIAN<br \/>HERRERO, FEDERICO<br \/>HIDALGO, JUAN<br \/>HIRST, DAMIEN<br \/>HOCKS, TEUN<br \/>HODGKIN, HOWARD<br \/>HOLLINGSWORTH, DENIS<br \/>HORN, REBECCA<br \/>HORTAL, YAGO<br \/>HORTAL\u00c0, LLU\u00cdS<br \/>HOUSHMAND, ROSHAN<br \/>HSU, TISHAN<br \/>HUAN, ZHANG<br \/>HUETE, SARA<br \/>HUYNH, JEAN-BAPTISTE<br \/>HWANG, CHANGHA<br \/>IBA\u00d1EZ, EDUARDO<br \/>IBARROLA, AGUST\u00cdN<br \/>ICAZA, ALEJANDRA<br \/>IGLESIAS, CRISTINA<br \/>IGLESIAS, ISMAEL<br \/>IKENAGA, HISAE<br \/>INIESTA, LAURA<br \/>IRAZU, PELLO<br \/>IRIJALBA, CARLOS<br \/>IR\u00cdZAR, FRITZIA<br \/>ISAO<br \/>ISIDORO P\u00c9REZ, RAM\u00d3N<br \/>ISRAEL MEZA MORENO &#8211; MORIS<br \/>ITO, MARI<br \/>JAAR, ALFREDO<br \/>JAKOBER, BEN &amp; YANNICK VU<br \/>JARILLO, JUANDE<br \/>JASCH, ALEX<br \/>JENSSEN, OLAV CHRISTOPHER<br \/>JETZIG, HELLE<br \/>JOO, MICHAEL<br \/>JUANPERE, SALVADOR<br \/>JUCHTMANS, JUS<br \/>K\u00c4HLER, MARTIN<br \/>KANTANEN, SANDRA<br \/>KAPPELER, DETLEF<br \/>KARHU, EEVA<br \/>KOBERLING, BERND<br \/>KOOI, ELLEN<br \/>KOUNELLIS, JANNIS<\/p>\n<p>[\/et_pb_text][\/et_pb_column][et_pb_column type=&#8221;1_4&#8243; _builder_version=&#8221;4.25.1&#8243; _module_preset=&#8221;default&#8221; global_colors_info=&#8221;{}&#8221;][et_pb_text admin_label=&#8221;Artistas&#8221; _builder_version=&#8221;4.27.2&#8243; _module_preset=&#8221;default&#8221; text_font=&#8221;Montserrat||||||||&#8221; text_text_color=&#8221;#0011D6&#8243; text_font_size=&#8221;1em&#8221; custom_padding=&#8221;||||false|false&#8221; global_colors_info=&#8221;{}&#8221;]<\/p>\n<p>KOWSKI, UWE<br \/>KRAHN, FERNANDO<br \/>KRAHN, MAT\u00cdAS<br \/>KRAUEL, LU\u00cdS<br \/>KRAUSKOPF, PETER<br \/>KUITCA, GUILLERMO<br \/>KULICKA, MONIKA<br \/>LACALLE, ABRAHAM<br \/>LAFONT, SUZANNE<br \/>LAGOS, MILER<br \/>LAMAZARES, ANTON<br \/>LANGAN, CLARE<br \/>LASKER, JONATHAN<br \/>LAVAL, ANTOINE<br \/>LAV\u00cdN, FELIPE<br \/>LEAL, ERNESTO<br \/>LEAL, MIKI<br \/>LEGUEY, JOS\u00c9<br \/>LE\u00d3N, GLENDA<br \/>LE\u00d3N, MARA<br \/>LESKINEN, KIRA<br \/>LID\u00d3 RICO, JOS\u00c9 RAM\u00d3N<br \/>LINNENBRINK, MARKUS<br \/>LIO, LAURA<br \/>LISLEGAARD, ANN<br \/>LLAMB\u00cdAS, PEP<br \/>LLANOS, AGUSTIN<br \/>LLED\u00d3S, MANEL<br \/>LLENA, ANTONI<br \/>LLE\u00d3, LUIS<br \/>LLIMOS, ROBERT<br \/>LLOPIS, FRANCESCA<br \/>LLOVERAS, HELENA<br \/>LO &#8211; LAURENT MARTIN<br \/>LOBERA, ALMUDENA<br \/>LOOTZ, EVA<br \/>LOUREN\u00c7O, DIDIER<br \/>LOZANO HEMMER, RAFAEL<br \/>LUCAS, CRISTINA<br \/>MAANANTAI COLLECTIVE<br \/>MACIAS, LUIS<br \/>MACKELDEY, MIKE<br \/>MACZASSEK, WALTRAUD<br \/>MADOLA<br \/>MADOZ, CHEMA<br \/>MAESO, PABLO<br \/>MALAGRIDA, ANNA<br \/>MALTA CAMPOS, ANTONIO<br \/>MANCILLA, MARISA; LOPEZ, CHICO<br \/>MAOJO, PABLO<br \/>MAPPLETHORPE, ROBERT<br \/>MARCACCIO, FABIAN<br \/>MARCHELLI, MIRCO<br \/>MARCOS, ANGEL<br \/>MARGALEF, MANEL<br \/>MARISCAL, CARMEN<br \/>MARISCAL, J\u00daLIA<br \/>MARQU\u00c8S, ANTONI<br \/>M\u00c1RQUEZ, PABLO<br \/>MARRODAN, IMANOL<br \/>MARSANS, ALICIA<br \/>MARSANS, LUIS<br \/>MARSIC, CVETO<br \/>MART\u00cdN LARA, CRISTINA<br \/>MART\u00cdN, ALICIA<br \/>MARTIN, BERNHARD<br \/>MARTIN, JASON<br \/>MARTINEZ URETA, MARIEN<br \/>MART\u00cdNEZ-TORMO, HUGO<br \/>MARTY, ENRIQUE<br \/>MARUGAN, MARTA<br \/>MAS, GL\u00d2RIA<br \/>MASCAR\u00d3, XAVIER<br \/>MAS\u00d3, MIREYA<br \/>MASTRETTA, FERNANDO<br \/>MATELLY, TONI<br \/>MATIKATE<br \/>MAUR\u00cd, ENRIC<br \/>MAZAL, RICARDO<br \/>MELGAARD, BJARNE<br \/>M\u00c9NDEZ, KELY<br \/>MENSUA, XISCO<br \/>MERCAD\u00c9, CORI<br \/>MERINO, ALBERT<br \/>MERINO, EUGENIO<br \/>MESA, SERGI<br \/>MESONES, ANTONIO<br \/>MHAONAIGH, SIN\u00c9AD N\u00cd<br \/>MIANES, ENZO<br \/>MICHALS, DUANE<br \/>MIGUEL, JUAN DIEGO<br \/>MILL\u00c1N, JONATHAN<br \/>MIR, CHRISTOPHER<br \/>MIRA, VICTOR<br \/>MIRALDA, ANTONI<br \/>MIRALTA, ALBERT<br \/>MITJ\u00c0, JORDI<br \/>MOHAMED, GORKA<br \/>MOIX, SANTI<br \/>MOMU &amp; NO ES<br \/>MONK, JONATHAN &#8211; SHRIGLEY, DAVID<br \/>MONT, MIQUEL<br \/>MONTALBAN, BEGO\u00d1A<br \/>MONTCADA, MARTA<br \/>MORA, GUILLERMO<br \/>MORA, JOAN<br \/>MOR\u00c1N, RUTH<br \/>MORANTA, TONI<br \/>MORAZA, JUAN LUIS<br \/>MORENO MEYERHOFF, PEDRO<br \/>MORENO, DAVID<br \/>MORENO, LINAREJOS<br \/>MORIMURA, YASUMASA<br \/>MOSER, NIKOLAUS<br \/>MOURO, JOAO<br \/>MP&amp;MP ROSADO<br \/>MUND\u00d3, IGNASI<br \/>MUNDT, WILHELM<br \/>MUNIZ, VIK<br \/>MU\u00d1OZ, AURELIA<br \/>MU\u00d1OZ, ROSA<br \/>MUNTADAS, ANTONI<br \/>MUNUERA, NICO<br \/>MURADO, ANTONIO<br \/>MUYOR, RAFAEL<br \/>N\u00c1DLER, ISTV\u00c1N<br \/>NAGEL, ANDRES<br \/>NAKANO, CHIKAO<br \/>NASH, DAVID<br \/>NAVARES, PALOMA<br \/>NAVARRO BALDEWEG, JUAN<br \/>NAVARRO, MIQUEL<br \/>NEBOT, PEPE<br \/>NEGRET, EDGAR<br \/>NEGRO, ALVARO<br \/>NETO, ERNESTO<br \/>NGUYEN, LOAN<br \/>NIEBLA, JOS\u00c9 ALV\u00c1REZ<br \/>NILAUSEN, RASMUS<br \/>NOGUERA, FLEUR<br \/>NOGUERA, PERE<br \/>NOGUERO, JOS\u00c9<br \/>NOMDEDEU, RICARDO<br \/>NOVELLAS, JOSEP<br \/>NUBIOLA, PAU<br \/>NUNES FERREIRA, NUNO<br \/>N\u00da\u00d1EZ GASCO, JAVIER<br \/>N\u00da\u00d1EZ, MARINA<br \/>OEHLEN, ALBERT<br \/>OEHLEN, MARKUS<br \/>OLIVARES, JUAN<br \/>OLIVELLA, EDUARD<br \/>OLIVIER, JACCO<br \/>OLL\u00c9, BRUNO<br \/>ORIMOTO, TATSUMI<br \/>ORT\u00cd, VICENT<br \/>ORTIZ, AITOR<br \/>ORTS, JOS\u00c9 ANTONIO<br \/>ORTU\u00d1O<br \/>OTHONIEL, JEAN MICHEL<br \/>OUKA LEELE<br \/>OZERI, YIGAL<br \/>PAGOLA, JAVIER<br \/>PAGOLA, JAVIER<br \/>P\u00c4IV\u00c4L\u00c4INEN, RIITTA<br \/>PALAZUELO, PABLO<br \/>PALLAR\u00c9S, JORDI<br \/>PALMERO, LUIS<br \/>PAN, ROBERT<br \/>PANOS, DAVID<br \/>PAREDES, CECILIA<br \/>PARICIO, PEDRO<br \/>PARTENHEIMER, J\u00dcRGEN<br \/>PASCUAL, CARLOS<br \/>PASCUAL, JOSE LUIS<br \/>PASTOR, NATALIA<br \/>PAZ, MANOLO<br \/>PAZOS, CARLOS<br \/>PEINADO, BRUNO<br \/>PE\u00d1AFIEL, JAVIER<br \/>PENNY, EVAN<br \/>PERAL, ALBERTO<br \/>PEREIRA, PAMEN<br \/>PEREJAUME<br \/>PEREZ BRAVO, MARTA M\u00aa<br \/>PEREZ PEREDA, MARIA LUISA<br \/>P\u00c9REZ VALENCIA, PACO<br \/>PEREZ VILLALTA, GUILLERMO<br \/>PEREZ-PORRO, VICTOR<br \/>PERIANES, JORGE<br \/>PERNU, JAAKKO<br \/>PFAFF, GUILLERMO<br \/>PFEIFFER, WALTER<br \/>PICATOSTE, SANTIAGO<br \/>PIMSTEIN, VICTOR<br \/>PINEDA, JORGE<br \/>PINO, LUC\u00cdA C.<br \/>PIRRI, ALFREDO<\/p>\n<p>[\/et_pb_text][\/et_pb_column][et_pb_column type=&#8221;1_4&#8243; _builder_version=&#8221;4.25.1&#8243; _module_preset=&#8221;default&#8221; global_colors_info=&#8221;{}&#8221;][et_pb_text admin_label=&#8221;Artistas&#8221; _builder_version=&#8221;4.27.2&#8243; _module_preset=&#8221;default&#8221; text_font=&#8221;Montserrat||||||||&#8221; text_text_color=&#8221;#0011D6&#8243; text_font_size=&#8221;1em&#8221; custom_padding=&#8221;||||false|false&#8221; global_colors_info=&#8221;{}&#8221;]<\/p>\n<p>PITARCH, JAIME<br \/>PITXOT, ANTONIO<br \/>PLADEVALL, ENRIC<br \/>PLENSA, JAUME<br \/>POMBO, JORGE R.<br \/>PORRES PLA, ALFREDO<br \/>PRADAS, CHARO<br \/>PRATS, FERNANDO<br \/>PREKOP, ZAK<br \/>PUCHE, JOS\u00c9 LUIS<br \/>PUENTE, XAVI<br \/>PU\u00c9RTOLAS, JAVIER<br \/>PUIG, ELOI<br \/>PURANEN, JORMA<br \/>QUERALT, SANTI<br \/>RABASCALL, JOAN<br \/>RAFOLS CASAMADA, ALBERT<br \/>RAINER, ARNULF<br \/>RAMIS, JOAN &#8211; &#8220;SINEU&#8221;<br \/>RAMIS, SEBASTI\u00c0<br \/>RAMOS, WILLY<br \/>RASERO, MIGUEL<br \/>REDONDO, LAERCIO<br \/>REGUERA, ALBERTO<br \/>REIVIL\u00c4, ANNA<br \/>REMP\u00c9, ROSEMARY<br \/>REVER\u00d3N-POJ\u00c1N, RAFAEL<br \/>REVUELTA, MABI<br \/>REY FUEYO, MANUEL<br \/>RIB\u00c9, \u00c0NGELS<br \/>RIERA I ARAGO, JOSEP M\u00aa<br \/>RIVAS, HUMBERTO<br \/>RODGER, MACK<br \/>RODRIGUES, JORGE<br \/>RODRIGUEZ CABALLERO, DAVID<br \/>ROIG, BERNARD\u00cd<br \/>ROIG, CARLOS<br \/>ROIG, RAMON<br \/>ROITER, ANDREI<br \/>ROMAN, NATALIA<br \/>ROMERO, FERNANDO M.<br \/>ROMERO, PEDRO G.<br \/>RONDO, JULIO<br \/>ROOT, RUTH<br \/>ROQU\u00c9, AGUSTI<br \/>ROSSELL, BENET<br \/>ROUSSE, GEORGES<br \/>RUBERT, GINO<br \/>RUIZ ABAD, FRANCESC<br \/>RU\u00cdZ, ROBERTO<br \/>RUYTER, LISA<br \/>RYNO DE WET, JOHANN<br \/>S\u00c1DABA, IXONE<br \/>SAIZ RUIZ, SIME\u00d3N<br \/>SALA, ANDREA<br \/>SALA, GERARD<br \/>SALA, LAIA<br \/>SALADRIGAS, JORDI W.<br \/>SALINAS, BARUJ<br \/>S\u00c1NCHEZ, DOMINICA<br \/>SAND, DEVA<br \/>SANDER, KARIN<br \/>SANDISON, CHARLES<br \/>SANJURJO, BERNARDO<br \/>SANTILARI, PERE<br \/>SARD, AMPARO<br \/>SARMENTO, JULIAO<br \/>SARO, MANUEL<br \/>SASTRE, JOAN<br \/>SASTRE, MART\u00cdN<br \/>SAURA, ANTONIO<br \/>SAWA, HIRAKI<br \/>SCHAAL, ERIC<br \/>SCHERMAN, TONY<br \/>SCHLOSSER, ADOLFO<br \/>SCULLY, SEAN<br \/>SEGIMON I VALENT\u00cd, JOSEP M\u00aa<br \/>SEITZ, EMANUEL<br \/>SELVAGGI, ANTONI<br \/>SERINYA, NARCIS<br \/>SERRA, JAIME<br \/>SERRANO BOU, QUIM<br \/>SERRANO, JUAN<br \/>SERY, CHRISTIAN<br \/>SEVILLA, SOLEDAD<br \/>SICILIA, JOSE M\u00aa<br \/>SILVO, DANIEL<br \/>SINAGA, FERNANDO<br \/>SINERVO, MIKKO<br \/>SMIT, TANJA<br \/>SOCIAS, ANTONIO<br \/>SOL\u00c0, MANUEL<br \/>SOLANO, SUSANA<br \/>SOLER RABASSA, JOAN<br \/>SOLIMAN, ANIA<br \/>SORIANO, TEO<br \/>SOSA, ANTONIO<br \/>SPLITT, RAINER<br \/>SPOGO<br \/>STEPHAN, GARY<br \/>STOCKHOLDER, JESSICA<br \/>STUTH, ANETT<br \/>SUBIR\u00c1, RAMIRO<br \/>SUBIRACHS, JOSE M\u00aa<br \/>TALENS, ANNA<br \/>TANIGUCHI, KEN&#8217;ICHIRO<br \/>TAO, ZHOU<br \/>T\u00c0PIES, ANTONI<br \/>TEIXIDOR, JORDI<br \/>TERRADES, ANDREU<br \/>TERSTAPPEN, CLAUDIA<br \/>THARRATS, JOAN-JOSEP<br \/>TILLMANS, WOLFGANG<br \/>TINEI, ALEXANDER<br \/>TOCORNAL, ANTONIO<br \/>TOD\u00d3, FRANCESC<br \/>TORRES, PEDRO<br \/>TORRES, PELE<br \/>TOVAR, IGNACIO<br \/>TRUJILLO, PEP<br \/>TRULL\u00c0S, JORDI<br \/>TUTERT, HANS<br \/>TYLER, ADRIAN<br \/>UCL\u00c9S, JOSEP<br \/>UGALDE DIEZ, JUAN<br \/>UGARTE DE ZUBIARRAIN, RICARDO<br \/>ULLRICH, WOLFRAM<br \/>\u00daRCULO, LUIS<br \/>URIARTE, IGNACIO<br \/>URSULIAK, HOWARD<br \/>URZAY, DAR\u00cdO<br \/>URZAY, DAR\u00cdO<br \/>USL\u00c9, JUAN<br \/>UYGUN, EBRU<br \/>VACCARO, RICARD<br \/>VAISMAN, MEYER<br \/>VAL DEL OMAR, JOS\u00c9<br \/>VALLDOSERA, EULALIA<br \/>VALLHONRAT, VALENT\u00cdN<br \/>VALVERDE, LORENZO<br \/>VAN DER MHEEN, IRENE<br \/>VANARSKY, JACK<br \/>VAQUERO, JULIO<br \/>V\u00c1SQUEZ, SANDRA<br \/>VASSILEVA, MARIANA<br \/>VAYREDA CANADELL, JOSEP M\u00aa<br \/>VAZQUEZ, XESUS<br \/>VEDOVAMAZZEI<br \/>VEDOVAMAZZEI<br \/>VELA, ALICIA<br \/>VENTOS, LUIS<br \/>VERBIS, DANIEL G.<br \/>VERGARA, \u00c1NGEL<br \/>VERMEERSCH, PIETER<br \/>VIAPLANA, VICEN\u00c7<br \/>VIETA, MAYTE<br \/>VIL\u00c0, MIQUEL<br \/>VILADECANS, JOAN PERE<br \/>VILADRICH, ALEJANDRO M.<br \/>VILAPUIG, ORIOL<br \/>VILLEGL\u00c9, JACQUES<br \/>VILL\u00c8LIA, MOIS\u00c8S<br \/>VIQUEZ, MARCELO<br \/>VON BERNER, DARYA<br \/>VON ELBE, DOROTHEA<br \/>VOSS, JAN<br \/>WALKER, ROBERT<br \/>WEBER, CHRISTOPHER<br \/>WEGGENMANN, MARKUS<br \/>WEI, CHEN<br \/>WELLING, JAMES<br \/>WERNER, THOMAS<br \/>WHITE-SOBIESKI, TIM<br \/>WHITE, LAURA<br \/>WILSON, MARK<br \/>WOLF, JENS<br \/>WOODS, CLARE<br \/>YALTER, NIL<br \/>YAMAMOTO, MASAO<br \/>YMBERNON, DAVID<br \/>YTURRALDE, JOS\u00c9 M\u00aa<br \/>ZACCAGNINI, CARLA<br \/>ZAITSEVA, TAMARA<br \/>ZOBERNIG, HEIMO<br \/>ZORRILLA, DOMINGO<br \/>ZUSH<\/p>\n<p>[\/et_pb_text][\/et_pb_column][\/et_pb_row][\/et_pb_section]<\/p>\n","protected":false},"excerpt":{"rendered":"<p>colecci\u00f3n olorVISUALArtistesde la colecci\u00f3nABAD, FRANCESCABALLI, IGNASIADRIAN, PICAGENJO, ROSAAGRELA, ANGELESAGUILAR, SERGIAGUT, PEPAIS, JOS\u00c9 RAM\u00d3NAJA, JOS\u00c9ALBACETE, ALFONSOALBARR\u00c1N CABRERA(Angel Albarr\u00e1n &#8211; Anna P. Cabrera)ALBERT\u00cd, NEIALCAIN, ALFREDOALCARAZ, JORDIALCOLEA, CARLOSALDRICH, RICHARDALFARO, ANDREUALIGUE, JORDIALKAIN, JAVIERALMAL\u00c9, JAVIER \/ BOND\u00cdA, JESUSALONSO, \u00c1NGELALVAREZ BASSO, DARIO\u00c1LVAREZ PL\u00c1GARO, ALFREDOALVARGONZALEZ, CHEMAAMADOR (MAGRANER)AMAT, FREDERICAMIG\u00d3, XIMOAMONDARAIN, JRAMPUDIA, EUGENIOANDREA, PATANZANO, CARMENARAKI, NOBUYOSHIARANGUREN, MAR\u00cdAARB\u00d3S, EDUARDARCE, JAVIERARGIMON, DANIELARGOTE, IV\u00c1NARIMANY, ELISAARMENGOL, MANELARMENTER, XANOARMESTO, [&hellip;]<\/p>\n","protected":false},"author":1,"featured_media":0,"parent":0,"menu_order":32,"comment_status":"closed","ping_status":"closed","template":"","meta":{"_acf_changed":false,"give_campaign_id":0,"_et_pb_use_builder":"on","_et_pb_old_content":"","_et_gb_content_width":"","footnotes":""},"dipi_cpt_category":[],"class_list":["post-26018414","page","type-page","status-publish","hentry"],"acf":[],"campaignId":"","_links":{"self":[{"href":"https:\/\/fundacionernestoventos.org\/ca\/wp-json\/wp\/v2\/pages\/26018414","targetHints":{"allow":["GET"]}}],"collection":[{"href":"https:\/\/fundacionernestoventos.org\/ca\/wp-json\/wp\/v2\/pages"}],"about":[{"href":"https:\/\/fundacionernestoventos.org\/ca\/wp-json\/wp\/v2\/types\/page"}],"author":[{"embeddable":true,"href":"https:\/\/fundacionernestoventos.org\/ca\/wp-json\/wp\/v2\/users\/1"}],"replies":[{"embeddable":true,"href":"https:\/\/fundacionernestoventos.org\/ca\/wp-json\/wp\/v2\/comments?post=26018414"}],"version-history":[{"count":0,"href":"https:\/\/fundacionernestoventos.org\/ca\/wp-json\/wp\/v2\/pages\/26018414\/revisions"}],"wp:attachment":[{"href":"https:\/\/fundacionernestoventos.org\/ca\/wp-json\/wp\/v2\/media?parent=26018414"}],"wp:term":[{"taxonomy":"dipi_cpt_category","embeddable":true,"href":"https:\/\/fundacionernestoventos.org\/ca\/wp-json\/wp\/v2\/dipi_cpt_category?post=26018414"}],"curies":[{"name":"wp","href":"https:\/\/api.w.org\/{rel}","templated":true}]}}